{"id":280,"date":"2020-06-30T13:19:54","date_gmt":"2020-06-30T13:19:54","guid":{"rendered":"https:\/\/cgcopyp.org\/?page_id=280"},"modified":"2020-07-01T08:08:40","modified_gmt":"2020-07-01T08:08:40","slug":"portal-de-transparencia","status":"publish","type":"page","link":"https:\/\/cgcopyp.org\/index.php\/portal-de-transparencia","title":{"rendered":"Portal de Transparencia"},"content":{"rendered":"\n<div class=\"wp-block-media-text alignwide\"><figure class=\"wp-block-media-text__media\"><img loading=\"lazy\" decoding=\"async\" width=\"500\" height=\"260\" src=\"https:\/\/cgcopyp.org\/wp-content\/uploads\/2020\/06\/ReunionFacultadesPedagogiayCGCOPYP_12052017_web.jpg\" alt=\"\" class=\"wp-image-286\" srcset=\"https:\/\/cgcopyp.org\/wp-content\/uploads\/2020\/06\/ReunionFacultadesPedagogiayCGCOPYP_12052017_web.jpg 500w, https:\/\/cgcopyp.org\/wp-content\/uploads\/2020\/06\/ReunionFacultadesPedagogiayCGCOPYP_12052017_web-300x156.jpg 300w\" sizes=\"auto, (max-width: 500px) 100vw, 500px\" \/><\/figure><div class=\"wp-block-media-text__content\">\n<p class=\"has-regular-font-size\">El Consejo General de Colegios de Pedagogos y Psicopedagogos comparte el sometimiento al principio de transparencia en su gesti\u00f3n dispuesto en el art\u00edculo 11 de la Ley 2\/1974 de 13 de febrero, as\u00ed como en la disposici\u00f3n novena de la ley 19\/2013 de 9 de diciembre de Transparencia, Acceso a la Informaci\u00f3n P\u00fablica y Buen Gobierno.<\/p>\n<\/div><\/div>\n\n\n<style>#sp-ea-294 .spcollapsing { height: 0; overflow: hidden; transition-property: height;transition-duration: 500ms;}#sp-ea-294.sp-easy-accordion>.sp-ea-single {margin-bottom: 10px; border: 1px solid #e2e2e2; }#sp-ea-294.sp-easy-accordion>.sp-ea-single>.ea-header a {color: #444;}#sp-ea-294.sp-easy-accordion>.sp-ea-single>.sp-collapse>.ea-body {background: #fff; color: #444;}#sp-ea-294.sp-easy-accordion>.sp-ea-single {background: #eee;}#sp-ea-294.sp-easy-accordion>.sp-ea-single>.ea-header a .ea-expand-icon { float: left; color: #444;font-size: 16px;}<\/style><div id=\"sp_easy_accordion-1778590122\"><div id=\"sp-ea-294\" class=\"sp-ea-one sp-easy-accordion\" data-ea-active=\"ea-click\" data-ea-mode=\"vertical\" data-preloader=\"\" data-scroll-active-item=\"\" data-offset-to-scroll=\"0\"><div class=\"ea-card sp-ea-single\"><h3 class=\"ea-header\"><a class=\"collapsed\" id=\"ea-header-2940\" role=\"button\" data-sptoggle=\"spcollapse\" data-sptarget=\"#collapse2940\" aria-controls=\"collapse2940\" href=\"#\" aria-expanded=\"false\" tabindex=\"0\"><i aria-hidden=\"true\" role=\"presentation\" class=\"ea-expand-icon eap-icon-ea-expand-plus\"><\/i> JUNTA DIRECTIVA<\/a><\/h3><div class=\"sp-collapse spcollapse spcollapse\" id=\"collapse2940\" data-parent=\"#sp-ea-294\" role=\"region\" aria-labelledby=\"ea-header-2940\"> <div class=\"ea-body\"><div class=\"entry-header\"><h1 class=\"entry-title\">Junta Directiva<\/h1><\/div><div class=\"entry-content\"><p>PRESIDENCIA<\/p><p><strong>D. Enrique Castillejo y G\u00f3mez<\/strong><\/p><p>VICEPRESIDENCIAS<\/p><p><strong>D\u00aa. Rosa Rod\u00edguez i Gascons y\u00a0 D. Jos\u00e9 J. Quetglas Mas<\/strong><\/p><p>SECRETARIA GENERAL<\/p><p><strong>D. Aurelio Gonz\u00e1lez Bertol\u00edn<\/strong><\/p><p>TESORERO<\/p><p><strong>D. Jos\u00e9 J. Quetglas Mas<\/strong><\/p><p>VOCALES<\/p><p><strong>D\u00aa. Vict\u00f2ria G\u00f3mez Ser\u00e9s<\/strong><\/p><p><strong> D\u00aa. Concepci\u00f3 Torres Sabat\u00e9<\/strong><\/p><p><strong> D\u00aa. Esther Ciscar Cu\u00f1at<\/strong><\/p><\/div><\/div><\/div><\/div><div class=\"ea-card sp-ea-single\"><h3 class=\"ea-header\"><a class=\"collapsed\" id=\"ea-header-2941\" role=\"button\" data-sptoggle=\"spcollapse\" data-sptarget=\"#collapse2941\" aria-controls=\"collapse2941\" href=\"#\" aria-expanded=\"false\" tabindex=\"0\"><i aria-hidden=\"true\" role=\"presentation\" class=\"ea-expand-icon eap-icon-ea-expand-plus\"><\/i> NORMATIVA<\/a><\/h3><div class=\"sp-collapse spcollapse spcollapse\" id=\"collapse2941\" data-parent=\"#sp-ea-294\" role=\"region\" aria-labelledby=\"ea-header-2941\"> <div class=\"ea-body\"><h3><strong>Ley 2\/1974, de 13 de febrero, sobre Colegios Profesionales.<\/strong><\/h3><p>ART. 4.4. Cuando est\u00e9n constituidos varios Colegios de la misma profesi\u00f3n de \u00e1mbito inferior al nacional existir\u00e1 un Consejo General cuya naturaleza y funciones se precisan en el art\u00edculo noveno.<\/p><p>ART. 9. 1. Los Consejos Generales de los Colegios tienen a todos los efectos la condici\u00f3n de Corporaci\u00f3n de Derecho p\u00fablico, con personalidad jur\u00eddica propia y plena capacidad. Tendr\u00e1n las siguientes funciones:<\/p><p style=\"padding-left: 40px\">a) Las atribuidas por el art\u00edculo quinto a los Colegios Profesionales, en cuanto tengan \u00e1mbito o repercusi\u00f3n nacional.<br \/>b) Elaborar los Estatutos generales de los Colegios, as\u00ed como los suyos propios.<br \/>c) aprobar los Estatutos y visar los Reglamentos de r\u00e9gimen interior de los Colegios.<br \/>d) Dirimir los conflictos que puedan suscitarse entre los distintos Colegios.<br \/>e) Resolver los recursos que se interpongan contra los actos de los Colegios.<br \/>f) Adoptar las medidas necesarias para que los Colegios cumplan las resoluciones del propio Consejo Superior dictadas en materia de su competencia.<br \/>g) Ejercer las funciones disciplinarias con respecto a los miembros de las Juntas de Gobierno de los Colegios y del propio Consejo.<br \/>h) Aprobar sus presupuestos y regular y fijar equitativamente las aportaciones de los Colegios.<br \/>i) Informar preceptivamente todo proyecto de modificaci\u00f3n de la legislaci\u00f3n sobre Colegios Profesionales.<br \/>j) Informar los proyectos de disposiciones generales de car\u00e1cter fiscal que afecten concreta y directamente a las profesiones respectivas, en los t\u00e9rminos se\u00f1alados en el n\u00famero cuatro del art\u00edculo ciento treinta de la Ley de Procedimiento Administrativo.<br \/>k) Asumir la representaci\u00f3n de los profesionales espa\u00f1oles ante las Entidades similares en otras naciones.<br \/>l) Organizar con car\u00e1cter nacional instituciones y servicios de asistencia y previsi\u00f3n y colaborar con la Administraci\u00f3n para la aplicaci\u00f3n a los profesionales colegiados del sistema de seguridad social m\u00e1s adecuado.<br \/>m) Tratar de conseguir el mayor nivel de empleo de los colegiados, colaborando con la Administraci\u00f3n en la medida que resulte necesario.<br \/>n) Adoptar las medidas que estime convenientes para completar provisionalmente con los colegiados m\u00e1s antiguos las Juntas de Gobierno de los Colegios cuando se produzcan las vacantes de m\u00e1s de la mitad de los cargos de aqu\u00e9llas. La Junta provisional, as\u00ed constituida, ejercer\u00e1 sus funciones hasta que tomen posesi\u00f3n los designados en virtud de elecci\u00f3n, que se celebrar\u00e1 conforme a las disposiciones estatutarias.<br \/>\u00f1) Velar por que se cumplan las condiciones exigidas por los Leyes y los Estatutos para la presentaci\u00f3n y proclamaci\u00f3n de candidatos para los cargos de las Juntas de Gobierno de los Colegios.<\/p><p>2. Los Consejos Generales y los Colegios de \u00e1mbito nacional tendr\u00e1n los \u00f3rganos y composici\u00f3n que determinen sus Estatutos. Sus miembros deber\u00e1n ser electivos o tener origen representativo.<br \/>El Presidente ser\u00e1 elegido por todos los Presidentes, Decanos, S\u00edndicos de Espa\u00f1a o, en su defecto, por quienes estatutariamente le sustituyan.<\/p><p>3. Ser\u00e1n de aplicaci\u00f3n a los \u00f3rganos de los Consejos Generales o Superiores la obligatoriedad del ejercicio profesional y las incompatibilidades a que se refieren los apartados uno y dos del articulo s\u00e9ptimo.<\/p><p>4. Lo previsto en los apartados tres y cuatro del art\u00edculo s\u00e9ptimo se entender\u00e1 referido a los cargos del Consejo General en cuanto les sean de aplicaci\u00f3n.<\/p><\/div><\/div><\/div><div class=\"ea-card sp-ea-single\"><h3 class=\"ea-header\"><a class=\"collapsed\" id=\"ea-header-2942\" role=\"button\" data-sptoggle=\"spcollapse\" data-sptarget=\"#collapse2942\" aria-controls=\"collapse2942\" href=\"#\" aria-expanded=\"false\" tabindex=\"0\"><i aria-hidden=\"true\" role=\"presentation\" class=\"ea-expand-icon eap-icon-ea-expand-plus\"><\/i> CONTRATOS<\/a><\/h3><div class=\"sp-collapse spcollapse spcollapse\" id=\"collapse2942\" data-parent=\"#sp-ea-294\" role=\"region\" aria-labelledby=\"ea-header-2942\"> <div class=\"ea-body\"><p>Este Consejo no ha celebrado ning\u00fan Contrato sujeto a derecho administrativo durante el ejercicio 2019-2020.<\/p><\/div><\/div><\/div><div class=\"ea-card sp-ea-single\"><h3 class=\"ea-header\"><a class=\"collapsed\" id=\"ea-header-2943\" role=\"button\" data-sptoggle=\"spcollapse\" data-sptarget=\"#collapse2943\" aria-controls=\"collapse2943\" href=\"#\" aria-expanded=\"false\" tabindex=\"0\"><i aria-hidden=\"true\" role=\"presentation\" class=\"ea-expand-icon eap-icon-ea-expand-plus\"><\/i> CONVENIOS<\/a><\/h3><div class=\"sp-collapse spcollapse spcollapse\" id=\"collapse2943\" data-parent=\"#sp-ea-294\" role=\"region\" aria-labelledby=\"ea-header-2943\"> <div class=\"ea-body\"><p>Este Consejo no ha suscrito ning\u00fan Convenio de Colaboraci\u00f3n en el ejercicio de las funciones p\u00fablicas que le han sido conferidas durante el ejercicio 2019-2020.<\/p><\/div><\/div><\/div><div class=\"ea-card sp-ea-single\"><h3 class=\"ea-header\"><a class=\"collapsed\" id=\"ea-header-2944\" role=\"button\" data-sptoggle=\"spcollapse\" data-sptarget=\"#collapse2944\" aria-controls=\"collapse2944\" href=\"#\" aria-expanded=\"false\" tabindex=\"0\"><i aria-hidden=\"true\" role=\"presentation\" class=\"ea-expand-icon eap-icon-ea-expand-plus\"><\/i> SUBVENCIONES<\/a><\/h3><div class=\"sp-collapse spcollapse spcollapse\" id=\"collapse2944\" data-parent=\"#sp-ea-294\" role=\"region\" aria-labelledby=\"ea-header-2944\"> <div class=\"ea-body\"><p>Este Consejo no ha recibido ninguna subvenci\u00f3n o ayuda p\u00fablica concedida por una administraci\u00f3n p\u00fablica durante el ejercicio 2019-2020.<\/p><\/div><\/div><\/div><\/div><\/div>\n\n\n\n<p><\/p>\n","protected":false},"excerpt":{"rendered":"<p>El Consejo General de Colegios de Pedagogos y Psicopedagogos comparte el sometimiento al principio de transparencia en su gesti\u00f3n dispuesto en el art\u00edculo 11 de la Ley 2\/1974 de 13&#8230;<\/p>\n<div class=\"more-link-wrapper\"><a class=\"more-link\" href=\"https:\/\/cgcopyp.org\/index.php\/portal-de-transparencia\">Leer m\u00e1s<span class=\"screen-reader-text\">Portal de Transparencia<\/span><\/a><\/div>\n","protected":false},"author":1,"featured_media":0,"parent":0,"menu_order":0,"comment_status":"closed","ping_status":"closed","template":"","meta":{"footnotes":""},"class_list":["post-280","page","type-page","status-publish","hentry","excerpt"],"_links":{"self":[{"href":"https:\/\/cgcopyp.org\/index.php\/wp-json\/wp\/v2\/pages\/280","targetHints":{"allow":["GET"]}}],"collection":[{"href":"https:\/\/cgcopyp.org\/index.php\/wp-json\/wp\/v2\/pages"}],"about":[{"href":"https:\/\/cgcopyp.org\/index.php\/wp-json\/wp\/v2\/types\/page"}],"author":[{"embeddable":true,"href":"https:\/\/cgcopyp.org\/index.php\/wp-json\/wp\/v2\/users\/1"}],"replies":[{"embeddable":true,"href":"https:\/\/cgcopyp.org\/index.php\/wp-json\/wp\/v2\/comments?post=280"}],"version-history":[{"count":7,"href":"https:\/\/cgcopyp.org\/index.php\/wp-json\/wp\/v2\/pages\/280\/revisions"}],"predecessor-version":[{"id":296,"href":"https:\/\/cgcopyp.org\/index.php\/wp-json\/wp\/v2\/pages\/280\/revisions\/296"}],"wp:attachment":[{"href":"https:\/\/cgcopyp.org\/index.php\/wp-json\/wp\/v2\/media?parent=280"}],"curies":[{"name":"wp","href":"https:\/\/api.w.org\/{rel}","templated":true}]}}